{"id":4773,"date":"2024-06-12T22:51:24","date_gmt":"2024-06-12T22:51:24","guid":{"rendered":"https:\/\/yayacampers.com\/?post_type=product&#038;p=4773"},"modified":"2024-06-18T19:33:18","modified_gmt":"2024-06-18T19:33:18","slug":"monsenor-nouel-puerto-plata-cabrera-samana","status":"publish","type":"product","link":"https:\/\/yayacampers.com\/en\/producto\/monsenor-nouel-puerto-plata-cabrera-samana\/","title":{"rendered":"Monse\u00f1or Nouel, Puerto Plata, Cabrera, Samana"},"content":{"rendered":"<p>Seeking thrilling adventures, mesmerizing sunsets, crashing waves, and an abundance of emotions?<\/p>\n<p>Day One kicks off our journey as we depart from Santo Domingo, bound for the northern gem of Puerto Plata. En route, we&#8217;ll make memorable pit stops at Jima Falls in Bonao and Los Charcos de Damajagua, culminating the day with a mesmerizing sunset at Isabel Torres Park in Puerto Plata. We&#8217;ll then set up camp at Playa Encuentro, where our van transforms into a cozy villa, complete with a campfire to conjure up a delicious dinner.<\/p>\n<p>Rise and shine on Day Two, and catch a few waves at Playa Encuentro before embarking on a scenic drive along the north coast. Your senses will be enveloped by the palm-fringed shores, sun-drenched landscapes, and the boundless blue sky that graces the beaches of Gaspar Hernandez, Rio San Juan, Cabrera, and Nagua. Our journey concludes at Playa Los Cocos in Nagua.<\/p>\n<p>On the morning of Day Three, indulge in a seaside breakfast, and then make a splash at Laguna Dudu, where crystal-clear waters await your refreshing plunge. From there, our route takes us to the captivating bay of Samana. We&#8217;ll pause in the town for a leisurely lunch on the boardwalk before heading to Playa El Valle, a cherished beach that promises yet another unforgettable sunset. As the day wanes, we&#8217;ll partake in a farewell yoga session, bidding adieu to the sun, and then prepare our last dinner under the enchanting moonlight.<\/p>\n<p>Day Four marks the homeward journey as we wend our way back to Santo Domingo. En route, we&#8217;ll savor one last invigorating dip in the cool waters of Salto Socoa, a natural finale to our adventure. There, we&#8217;ll prepare our farewell meal before concluding our journey to Santo Domingo, basking in the warmth of the departing sun&#8217;s rays.<\/p>\n<p>Join us on this incredible four-day expedition, where each moment promises adventure, beauty, and a profound connection with nature.<\/p>\n","protected":false},"excerpt":{"rendered":"<p>Buscando aventuras, atardeceres, olas y muchas emociones. El primer d\u00eda salimos desde Santo Domingo de camino al norte (Puerto Plata), par\u00e1ndonos en salto de Jima (Bonao), Los charcos de Damajagua y viendo el atardecer en el parque de Isabel Torres en Puerto Plata. Nos parqueamos en playa encuentro, donde armaremos nuestra propia villa alrededor de la van, con una fogata para cocinar nuestra cena. En la ma\u00f1ana del segundo d\u00eda agarramos un par de olas en playa encuentro y luego salimos por toda la costa norte, pasando por las costas playeras, entre palmas, sol y cielo azul de Gaspar Hernandez, R\u00edo San Juan, Cabrera y Nagua, hasta llegar a Playa los Cocos en Nagua. El tercer d\u00eda, despu\u00e9s de desayunar frente al mar, pasamos por Laguna Dudu a darnos un chapuz\u00f3n en las aguas cristalinas y tomamos nuestra ruta hacia la bah\u00eda de Samana. Alli nos detenemos en el pueblo para almorzar en el malec\u00f3n y luego seguimos hasta Playa el Valle, para un \u00faltimo atardecer en una de nuestras playas favoritas de la isla. Hacemos un \u00faltimo yoga saludando al sol y nos disponemos a preparar nuestra \u00faltima cena a la luz de la luna. El cuarto y \u00faltimo d\u00eda nos devolvemos hacia Santo Domingo. En este camino de vuelta nos damos un \u00faltimo chapuz\u00f3n en las aguas fr\u00edas reconfortantes de salto socoa para terminar nuestro viaje en contacto con la naturaleza. All\u00ed mismo preparamos nuestra \u00faltima comida y terminamos luego el trayecto hacia Santo Domingo, aprovechando los \u00faltimos rayos de sol.<\/p>\n","protected":false},"featured_media":4560,"comment_status":"open","ping_status":"closed","template":"","meta":[],"product_brand":[],"product_cat":[34],"product_tag":[],"class_list":{"0":"post-4773","1":"product","2":"type-product","3":"status-publish","4":"has-post-thumbnail","6":"product_cat-route","8":"first","9":"instock","10":"sold-individually","11":"shipping-taxable","12":"purchasable","13":"product-type-accommodation-booking"},"acf":[],"yoast_head":"<!-- This site is optimized with the Yoast SEO plugin v26.6 - https:\/\/yoast.com\/wordpress\/plugins\/seo\/ -->\n<title>Monse\u00f1or Nouel, Puerto Plata, Cabrera, Samana - Yaya Campers | Campervan rental<\/title>\n<meta name=\"robots\" content=\"index, follow, max-snippet:-1, max-image-preview:large, max-video-preview:-1\" \/>\n<link rel=\"canonical\" href=\"https:\/\/yayacampers.com\/producto\/monsenor-nouel-puerto-plata-cabrera-samana\/\" \/>\n<meta property=\"og:locale\" content=\"en_US\" \/>\n<meta property=\"og:type\" content=\"article\" \/>\n<meta property=\"og:title\" content=\"Monse\u00f1or Nouel, Puerto Plata, Cabrera, Samana - Yaya Campers | Campervan rental\" \/>\n<meta property=\"og:description\" content=\"Buscando aventuras, atardeceres, olas y muchas emociones. El primer d\u00eda salimos desde Santo Domingo de camino al norte (Puerto Plata), par\u00e1ndonos en salto de Jima (Bonao), Los charcos de Damajagua y viendo el atardecer en el parque de Isabel Torres en Puerto Plata. Nos parqueamos en playa encuentro, donde armaremos nuestra propia villa alrededor de la van, con una fogata para cocinar nuestra cena. En la ma\u00f1ana del segundo d\u00eda agarramos un par de olas en playa encuentro y luego salimos por toda la costa norte, pasando por las costas playeras, entre palmas, sol y cielo azul de Gaspar Hernandez, R\u00edo San Juan, Cabrera y Nagua, hasta llegar a Playa los Cocos en Nagua. El tercer d\u00eda, despu\u00e9s de desayunar frente al mar, pasamos por Laguna Dudu a darnos un chapuz\u00f3n en las aguas cristalinas y tomamos nuestra ruta hacia la bah\u00eda de Samana. Alli nos detenemos en el pueblo para almorzar en el malec\u00f3n y luego seguimos hasta Playa el Valle, para un \u00faltimo atardecer en una de nuestras playas favoritas de la isla. Hacemos un \u00faltimo yoga saludando al sol y nos disponemos a preparar nuestra \u00faltima cena a la luz de la luna. El cuarto y \u00faltimo d\u00eda nos devolvemos hacia Santo Domingo. En este camino de vuelta nos damos un \u00faltimo chapuz\u00f3n en las aguas fr\u00edas reconfortantes de salto socoa para terminar nuestro viaje en contacto con la naturaleza. All\u00ed mismo preparamos nuestra \u00faltima comida y terminamos luego el trayecto hacia Santo Domingo, aprovechando los \u00faltimos rayos de sol.\" \/>\n<meta property=\"og:url\" content=\"https:\/\/yayacampers.com\/producto\/monsenor-nouel-puerto-plata-cabrera-samana\/\" \/>\n<meta property=\"og:site_name\" content=\"Yaya Campers | Campervan rental\" \/>\n<meta property=\"article:modified_time\" content=\"2024-06-18T19:33:18+00:00\" \/>\n<meta property=\"og:image\" content=\"http:\/\/yayacampers.com\/wp-content\/uploads\/2024\/06\/YAYA-25-scaled-1.jpg\" \/>\n\t<meta property=\"og:image:width\" content=\"2560\" \/>\n\t<meta property=\"og:image:height\" content=\"1440\" \/>\n\t<meta property=\"og:image:type\" content=\"image\/jpeg\" \/>\n<meta name=\"twitter:card\" content=\"summary_large_image\" \/>\n<meta name=\"twitter:label1\" content=\"Est. reading time\" \/>\n\t<meta name=\"twitter:data1\" content=\"2 minutes\" \/>\n<script type=\"application\/ld+json\" class=\"yoast-schema-graph\">{\"@context\":\"https:\/\/schema.org\",\"@graph\":[{\"@type\":\"WebPage\",\"@id\":\"https:\/\/yayacampers.com\/producto\/monsenor-nouel-puerto-plata-cabrera-samana\/\",\"url\":\"https:\/\/yayacampers.com\/producto\/monsenor-nouel-puerto-plata-cabrera-samana\/\",\"name\":\"Monse\u00f1or Nouel, Puerto Plata, Cabrera, Samana - Yaya Campers | Campervan rental\",\"isPartOf\":{\"@id\":\"https:\/\/yayacampers.com\/#website\"},\"primaryImageOfPage\":{\"@id\":\"https:\/\/yayacampers.com\/producto\/monsenor-nouel-puerto-plata-cabrera-samana\/#primaryimage\"},\"image\":{\"@id\":\"https:\/\/yayacampers.com\/producto\/monsenor-nouel-puerto-plata-cabrera-samana\/#primaryimage\"},\"thumbnailUrl\":\"https:\/\/yayacampers.com\/wp-content\/uploads\/2024\/06\/YAYA-25-scaled-1.jpg\",\"datePublished\":\"2024-06-12T22:51:24+00:00\",\"dateModified\":\"2024-06-18T19:33:18+00:00\",\"breadcrumb\":{\"@id\":\"https:\/\/yayacampers.com\/producto\/monsenor-nouel-puerto-plata-cabrera-samana\/#breadcrumb\"},\"inLanguage\":\"en-US\",\"potentialAction\":[{\"@type\":\"ReadAction\",\"target\":[\"https:\/\/yayacampers.com\/producto\/monsenor-nouel-puerto-plata-cabrera-samana\/\"]}]},{\"@type\":\"ImageObject\",\"inLanguage\":\"en-US\",\"@id\":\"https:\/\/yayacampers.com\/producto\/monsenor-nouel-puerto-plata-cabrera-samana\/#primaryimage\",\"url\":\"https:\/\/yayacampers.com\/wp-content\/uploads\/2024\/06\/YAYA-25-scaled-1.jpg\",\"contentUrl\":\"https:\/\/yayacampers.com\/wp-content\/uploads\/2024\/06\/YAYA-25-scaled-1.jpg\",\"width\":2560,\"height\":1440},{\"@type\":\"BreadcrumbList\",\"@id\":\"https:\/\/yayacampers.com\/producto\/monsenor-nouel-puerto-plata-cabrera-samana\/#breadcrumb\",\"itemListElement\":[{\"@type\":\"ListItem\",\"position\":1,\"name\":\"Portada\",\"item\":\"https:\/\/yayacampers.com\/en\/\"},{\"@type\":\"ListItem\",\"position\":2,\"name\":\"Monse\u00f1or Nouel, Puerto Plata, Cabrera, Samana\"}]},{\"@type\":\"WebSite\",\"@id\":\"https:\/\/yayacampers.com\/#website\",\"url\":\"https:\/\/yayacampers.com\/\",\"name\":\"Yaya Campers | Camper Rental in RD\",\"description\":\"Explore the Dominican Republic at your own rhythm\",\"publisher\":{\"@id\":\"https:\/\/yayacampers.com\/#organization\"},\"alternateName\":\"Yaya Campers | Alquiler de Campers en RD\",\"potentialAction\":[{\"@type\":\"SearchAction\",\"target\":{\"@type\":\"EntryPoint\",\"urlTemplate\":\"https:\/\/yayacampers.com\/?s={search_term_string}\"},\"query-input\":{\"@type\":\"PropertyValueSpecification\",\"valueRequired\":true,\"valueName\":\"search_term_string\"}}],\"inLanguage\":\"en-US\"},{\"@type\":\"Organization\",\"@id\":\"https:\/\/yayacampers.com\/#organization\",\"name\":\"Yaya Campers | Campervan rental\",\"alternateName\":\"Yaya Campers | Alquiler de Campers en RD\",\"url\":\"https:\/\/yayacampers.com\/\",\"logo\":{\"@type\":\"ImageObject\",\"inLanguage\":\"en-US\",\"@id\":\"https:\/\/yayacampers.com\/#\/schema\/logo\/image\/\",\"url\":\"http:\/\/yayacampers.com\/wp-content\/uploads\/2024\/06\/cropped-cropped-Favicon.png\",\"contentUrl\":\"http:\/\/yayacampers.com\/wp-content\/uploads\/2024\/06\/cropped-cropped-Favicon.png\",\"width\":512,\"height\":512,\"caption\":\"Yaya Campers | Campervan rental\"},\"image\":{\"@id\":\"https:\/\/yayacampers.com\/#\/schema\/logo\/image\/\"}}]}<\/script>\n<!-- \/ Yoast SEO plugin. -->","yoast_head_json":{"title":"Monse\u00f1or Nouel, Puerto Plata, Cabrera, Samana - Yaya Campers | Campervan rental","robots":{"index":"index","follow":"follow","max-snippet":"max-snippet:-1","max-image-preview":"max-image-preview:large","max-video-preview":"max-video-preview:-1"},"canonical":"https:\/\/yayacampers.com\/producto\/monsenor-nouel-puerto-plata-cabrera-samana\/","og_locale":"en_US","og_type":"article","og_title":"Monse\u00f1or Nouel, Puerto Plata, Cabrera, Samana - Yaya Campers | Campervan rental","og_description":"Buscando aventuras, atardeceres, olas y muchas emociones. El primer d\u00eda salimos desde Santo Domingo de camino al norte (Puerto Plata), par\u00e1ndonos en salto de Jima (Bonao), Los charcos de Damajagua y viendo el atardecer en el parque de Isabel Torres en Puerto Plata. Nos parqueamos en playa encuentro, donde armaremos nuestra propia villa alrededor de la van, con una fogata para cocinar nuestra cena. En la ma\u00f1ana del segundo d\u00eda agarramos un par de olas en playa encuentro y luego salimos por toda la costa norte, pasando por las costas playeras, entre palmas, sol y cielo azul de Gaspar Hernandez, R\u00edo San Juan, Cabrera y Nagua, hasta llegar a Playa los Cocos en Nagua. El tercer d\u00eda, despu\u00e9s de desayunar frente al mar, pasamos por Laguna Dudu a darnos un chapuz\u00f3n en las aguas cristalinas y tomamos nuestra ruta hacia la bah\u00eda de Samana. Alli nos detenemos en el pueblo para almorzar en el malec\u00f3n y luego seguimos hasta Playa el Valle, para un \u00faltimo atardecer en una de nuestras playas favoritas de la isla. Hacemos un \u00faltimo yoga saludando al sol y nos disponemos a preparar nuestra \u00faltima cena a la luz de la luna. El cuarto y \u00faltimo d\u00eda nos devolvemos hacia Santo Domingo. En este camino de vuelta nos damos un \u00faltimo chapuz\u00f3n en las aguas fr\u00edas reconfortantes de salto socoa para terminar nuestro viaje en contacto con la naturaleza. All\u00ed mismo preparamos nuestra \u00faltima comida y terminamos luego el trayecto hacia Santo Domingo, aprovechando los \u00faltimos rayos de sol.","og_url":"https:\/\/yayacampers.com\/producto\/monsenor-nouel-puerto-plata-cabrera-samana\/","og_site_name":"Yaya Campers | Campervan rental","article_modified_time":"2024-06-18T19:33:18+00:00","og_image":[{"width":2560,"height":1440,"url":"http:\/\/yayacampers.com\/wp-content\/uploads\/2024\/06\/YAYA-25-scaled-1.jpg","type":"image\/jpeg"}],"twitter_card":"summary_large_image","twitter_misc":{"Est. reading time":"2 minutes"},"schema":{"@context":"https:\/\/schema.org","@graph":[{"@type":"WebPage","@id":"https:\/\/yayacampers.com\/producto\/monsenor-nouel-puerto-plata-cabrera-samana\/","url":"https:\/\/yayacampers.com\/producto\/monsenor-nouel-puerto-plata-cabrera-samana\/","name":"Monse\u00f1or Nouel, Puerto Plata, Cabrera, Samana - Yaya Campers | Campervan rental","isPartOf":{"@id":"https:\/\/yayacampers.com\/#website"},"primaryImageOfPage":{"@id":"https:\/\/yayacampers.com\/producto\/monsenor-nouel-puerto-plata-cabrera-samana\/#primaryimage"},"image":{"@id":"https:\/\/yayacampers.com\/producto\/monsenor-nouel-puerto-plata-cabrera-samana\/#primaryimage"},"thumbnailUrl":"https:\/\/yayacampers.com\/wp-content\/uploads\/2024\/06\/YAYA-25-scaled-1.jpg","datePublished":"2024-06-12T22:51:24+00:00","dateModified":"2024-06-18T19:33:18+00:00","breadcrumb":{"@id":"https:\/\/yayacampers.com\/producto\/monsenor-nouel-puerto-plata-cabrera-samana\/#breadcrumb"},"inLanguage":"en-US","potentialAction":[{"@type":"ReadAction","target":["https:\/\/yayacampers.com\/producto\/monsenor-nouel-puerto-plata-cabrera-samana\/"]}]},{"@type":"ImageObject","inLanguage":"en-US","@id":"https:\/\/yayacampers.com\/producto\/monsenor-nouel-puerto-plata-cabrera-samana\/#primaryimage","url":"https:\/\/yayacampers.com\/wp-content\/uploads\/2024\/06\/YAYA-25-scaled-1.jpg","contentUrl":"https:\/\/yayacampers.com\/wp-content\/uploads\/2024\/06\/YAYA-25-scaled-1.jpg","width":2560,"height":1440},{"@type":"BreadcrumbList","@id":"https:\/\/yayacampers.com\/producto\/monsenor-nouel-puerto-plata-cabrera-samana\/#breadcrumb","itemListElement":[{"@type":"ListItem","position":1,"name":"Portada","item":"https:\/\/yayacampers.com\/en\/"},{"@type":"ListItem","position":2,"name":"Monse\u00f1or Nouel, Puerto Plata, Cabrera, Samana"}]},{"@type":"WebSite","@id":"https:\/\/yayacampers.com\/#website","url":"https:\/\/yayacampers.com\/","name":"Yaya Campers | Camper Rental in RD","description":"Explore the Dominican Republic at your own rhythm","publisher":{"@id":"https:\/\/yayacampers.com\/#organization"},"alternateName":"Yaya Campers | Alquiler de Campers en RD","potentialAction":[{"@type":"SearchAction","target":{"@type":"EntryPoint","urlTemplate":"https:\/\/yayacampers.com\/?s={search_term_string}"},"query-input":{"@type":"PropertyValueSpecification","valueRequired":true,"valueName":"search_term_string"}}],"inLanguage":"en-US"},{"@type":"Organization","@id":"https:\/\/yayacampers.com\/#organization","name":"Yaya Campers | Campervan rental","alternateName":"Yaya Campers | Alquiler de Campers en RD","url":"https:\/\/yayacampers.com\/","logo":{"@type":"ImageObject","inLanguage":"en-US","@id":"https:\/\/yayacampers.com\/#\/schema\/logo\/image\/","url":"http:\/\/yayacampers.com\/wp-content\/uploads\/2024\/06\/cropped-cropped-Favicon.png","contentUrl":"http:\/\/yayacampers.com\/wp-content\/uploads\/2024\/06\/cropped-cropped-Favicon.png","width":512,"height":512,"caption":"Yaya Campers | Campervan rental"},"image":{"@id":"https:\/\/yayacampers.com\/#\/schema\/logo\/image\/"}}]}},"_links":{"self":[{"href":"https:\/\/yayacampers.com\/en\/wp-json\/wp\/v2\/product\/4773","targetHints":{"allow":["GET"]}}],"collection":[{"href":"https:\/\/yayacampers.com\/en\/wp-json\/wp\/v2\/product"}],"about":[{"href":"https:\/\/yayacampers.com\/en\/wp-json\/wp\/v2\/types\/product"}],"replies":[{"embeddable":true,"href":"https:\/\/yayacampers.com\/en\/wp-json\/wp\/v2\/comments?post=4773"}],"wp:featuredmedia":[{"embeddable":true,"href":"https:\/\/yayacampers.com\/en\/wp-json\/wp\/v2\/media\/4560"}],"wp:attachment":[{"href":"https:\/\/yayacampers.com\/en\/wp-json\/wp\/v2\/media?parent=4773"}],"wp:term":[{"taxonomy":"product_brand","embeddable":true,"href":"https:\/\/yayacampers.com\/en\/wp-json\/wp\/v2\/product_brand?post=4773"},{"taxonomy":"product_cat","embeddable":true,"href":"https:\/\/yayacampers.com\/en\/wp-json\/wp\/v2\/product_cat?post=4773"},{"taxonomy":"product_tag","embeddable":true,"href":"https:\/\/yayacampers.com\/en\/wp-json\/wp\/v2\/product_tag?post=4773"}],"curies":[{"name":"wp","href":"https:\/\/api.w.org\/{rel}","templated":true}]}}