{"id":4779,"date":"2024-06-12T22:51:24","date_gmt":"2024-06-12T22:51:24","guid":{"rendered":"https:\/\/yayacampers.com\/?post_type=product&#038;p=4779"},"modified":"2024-06-18T20:18:35","modified_gmt":"2024-06-18T20:18:35","slug":"monte-cristi","status":"publish","type":"product","link":"https:\/\/yayacampers.com\/en\/producto\/monte-cristi\/","title":{"rendered":"Monte Cristi"},"content":{"rendered":"<p>Immerse Yourself in an Exciting Camper Route and Be Enchanted by Montecristi and Its Surroundings<\/p>\n<p>Embark on an exhilarating camper journey and let the beauty and charms of Montecristi and its surroundings carry you away. In this expedition, you&#8217;ll have the opportunity to explore, discover, and marvel at everything this region has to offer. From camping at the picturesque Playita to savoring delicious cuisine at Cocomar in Monte Cristi and Arena Blanca Plaza, each moment will be a voyage into magic and enchantment. Prepare to dive into history and culture as you visit the Clock Tower Park, stroll along the charming Malec\u00f3n of Montecristi, venture into the Las Cruces Trail, and get lost in the astonishing El Morro Beach.<\/p>\n<p>Moreover, you can enjoy extra activities that will take you to remarkable places such as Cabra Island, the Seven Brothers Cay, and the Ecotourism Platform. Embark on this unique experience and discover the magic of Montecristi and its surroundings on this unforgettable camper route!<\/p>\n","protected":false},"excerpt":{"rendered":"<p>Sum\u00e9rgete en una emocionante ruta de camper y d\u00e9jate llevar por la belleza y los encantos de Montecristi y sus alrededores. En esta traves\u00eda, tendr\u00e1s la oportunidad de explorar, descubrir y maravillarte con todo lo que esta regi\u00f3n tiene para ofrecer. Desde acampar en la pintoresca Playita hasta deleitarte con la deliciosa comida en Cocomar en Monte Cristi y Arena Blanca Plaza, cada momento ser\u00e1 un viaje hacia la magia y el ensue\u00f1o. Prep\u00e1rate para sumergirte en la historia y la cultura al visitar el Parque del Reloj, recorrer el encantador Malec\u00f3n de Montecristi, adentrarte en el Sendero de Las Cruces y perderse en la asombrosa Playa El Morro. Adem\u00e1s, podr\u00e1s disfrutar de actividades extra que te llevar\u00e1n a lugares sorprendentes como la Isla Cabra, el Cayo Siete Hermanos y la Plataforma Ecotur\u00edstica. \u00a1Emb\u00e1rcate en esta experiencia \u00fanica y descubre la magia de Montecristi y su entorno en esta inolvidable ruta de camper!<\/p>\n","protected":false},"featured_media":4530,"comment_status":"open","ping_status":"closed","template":"","meta":[],"product_brand":[],"product_cat":[34],"product_tag":[],"class_list":{"0":"post-4779","1":"product","2":"type-product","3":"status-publish","4":"has-post-thumbnail","6":"product_cat-route","8":"first","9":"instock","10":"sold-individually","11":"shipping-taxable","12":"purchasable","13":"product-type-accommodation-booking"},"acf":[],"yoast_head":"<!-- This site is optimized with the Yoast SEO plugin v26.6 - https:\/\/yoast.com\/wordpress\/plugins\/seo\/ -->\n<title>Monte Cristi - Yaya Campers | Campervan rental<\/title>\n<meta name=\"robots\" content=\"index, follow, max-snippet:-1, max-image-preview:large, max-video-preview:-1\" \/>\n<link rel=\"canonical\" href=\"https:\/\/yayacampers.com\/producto\/monte-cristi\/\" \/>\n<meta property=\"og:locale\" content=\"en_US\" \/>\n<meta property=\"og:type\" content=\"article\" \/>\n<meta property=\"og:title\" content=\"Monte Cristi - Yaya Campers | Campervan rental\" \/>\n<meta property=\"og:description\" content=\"Sum\u00e9rgete en una emocionante ruta de camper y d\u00e9jate llevar por la belleza y los encantos de Montecristi y sus alrededores. En esta traves\u00eda, tendr\u00e1s la oportunidad de explorar, descubrir y maravillarte con todo lo que esta regi\u00f3n tiene para ofrecer. Desde acampar en la pintoresca Playita hasta deleitarte con la deliciosa comida en Cocomar en Monte Cristi y Arena Blanca Plaza, cada momento ser\u00e1 un viaje hacia la magia y el ensue\u00f1o. Prep\u00e1rate para sumergirte en la historia y la cultura al visitar el Parque del Reloj, recorrer el encantador Malec\u00f3n de Montecristi, adentrarte en el Sendero de Las Cruces y perderse en la asombrosa Playa El Morro. Adem\u00e1s, podr\u00e1s disfrutar de actividades extra que te llevar\u00e1n a lugares sorprendentes como la Isla Cabra, el Cayo Siete Hermanos y la Plataforma Ecotur\u00edstica. \u00a1Emb\u00e1rcate en esta experiencia \u00fanica y descubre la magia de Montecristi y su entorno en esta inolvidable ruta de camper!\" \/>\n<meta property=\"og:url\" content=\"https:\/\/yayacampers.com\/producto\/monte-cristi\/\" \/>\n<meta property=\"og:site_name\" content=\"Yaya Campers | Campervan rental\" \/>\n<meta property=\"article:modified_time\" content=\"2024-06-18T20:18:35+00:00\" \/>\n<meta property=\"og:image\" content=\"http:\/\/yayacampers.com\/wp-content\/uploads\/2024\/06\/Ruta-montecristi.jpg\" \/>\n\t<meta property=\"og:image:width\" content=\"1920\" \/>\n\t<meta property=\"og:image:height\" content=\"2560\" \/>\n\t<meta property=\"og:image:type\" content=\"image\/jpeg\" \/>\n<meta name=\"twitter:card\" content=\"summary_large_image\" \/>\n<meta name=\"twitter:label1\" content=\"Est. reading time\" \/>\n\t<meta name=\"twitter:data1\" content=\"1 minute\" \/>\n<script type=\"application\/ld+json\" class=\"yoast-schema-graph\">{\"@context\":\"https:\/\/schema.org\",\"@graph\":[{\"@type\":\"WebPage\",\"@id\":\"https:\/\/yayacampers.com\/producto\/monte-cristi\/\",\"url\":\"https:\/\/yayacampers.com\/producto\/monte-cristi\/\",\"name\":\"Monte Cristi - Yaya Campers | Campervan rental\",\"isPartOf\":{\"@id\":\"https:\/\/yayacampers.com\/#website\"},\"primaryImageOfPage\":{\"@id\":\"https:\/\/yayacampers.com\/producto\/monte-cristi\/#primaryimage\"},\"image\":{\"@id\":\"https:\/\/yayacampers.com\/producto\/monte-cristi\/#primaryimage\"},\"thumbnailUrl\":\"https:\/\/yayacampers.com\/wp-content\/uploads\/2024\/06\/Ruta-montecristi.jpg\",\"datePublished\":\"2024-06-12T22:51:24+00:00\",\"dateModified\":\"2024-06-18T20:18:35+00:00\",\"breadcrumb\":{\"@id\":\"https:\/\/yayacampers.com\/producto\/monte-cristi\/#breadcrumb\"},\"inLanguage\":\"en-US\",\"potentialAction\":[{\"@type\":\"ReadAction\",\"target\":[\"https:\/\/yayacampers.com\/producto\/monte-cristi\/\"]}]},{\"@type\":\"ImageObject\",\"inLanguage\":\"en-US\",\"@id\":\"https:\/\/yayacampers.com\/producto\/monte-cristi\/#primaryimage\",\"url\":\"https:\/\/yayacampers.com\/wp-content\/uploads\/2024\/06\/Ruta-montecristi.jpg\",\"contentUrl\":\"https:\/\/yayacampers.com\/wp-content\/uploads\/2024\/06\/Ruta-montecristi.jpg\",\"width\":1920,\"height\":2560},{\"@type\":\"BreadcrumbList\",\"@id\":\"https:\/\/yayacampers.com\/producto\/monte-cristi\/#breadcrumb\",\"itemListElement\":[{\"@type\":\"ListItem\",\"position\":1,\"name\":\"Portada\",\"item\":\"https:\/\/yayacampers.com\/en\/\"},{\"@type\":\"ListItem\",\"position\":2,\"name\":\"Monte Cristi\"}]},{\"@type\":\"WebSite\",\"@id\":\"https:\/\/yayacampers.com\/#website\",\"url\":\"https:\/\/yayacampers.com\/\",\"name\":\"Yaya Campers | Camper Rental in RD\",\"description\":\"Explore the Dominican Republic at your own rhythm\",\"publisher\":{\"@id\":\"https:\/\/yayacampers.com\/#organization\"},\"alternateName\":\"Yaya Campers | Alquiler de Campers en RD\",\"potentialAction\":[{\"@type\":\"SearchAction\",\"target\":{\"@type\":\"EntryPoint\",\"urlTemplate\":\"https:\/\/yayacampers.com\/?s={search_term_string}\"},\"query-input\":{\"@type\":\"PropertyValueSpecification\",\"valueRequired\":true,\"valueName\":\"search_term_string\"}}],\"inLanguage\":\"en-US\"},{\"@type\":\"Organization\",\"@id\":\"https:\/\/yayacampers.com\/#organization\",\"name\":\"Yaya Campers | Campervan rental\",\"alternateName\":\"Yaya Campers | Alquiler de Campers en RD\",\"url\":\"https:\/\/yayacampers.com\/\",\"logo\":{\"@type\":\"ImageObject\",\"inLanguage\":\"en-US\",\"@id\":\"https:\/\/yayacampers.com\/#\/schema\/logo\/image\/\",\"url\":\"http:\/\/yayacampers.com\/wp-content\/uploads\/2024\/06\/cropped-cropped-Favicon.png\",\"contentUrl\":\"http:\/\/yayacampers.com\/wp-content\/uploads\/2024\/06\/cropped-cropped-Favicon.png\",\"width\":512,\"height\":512,\"caption\":\"Yaya Campers | Campervan rental\"},\"image\":{\"@id\":\"https:\/\/yayacampers.com\/#\/schema\/logo\/image\/\"}}]}<\/script>\n<!-- \/ Yoast SEO plugin. -->","yoast_head_json":{"title":"Monte Cristi - Yaya Campers | Campervan rental","robots":{"index":"index","follow":"follow","max-snippet":"max-snippet:-1","max-image-preview":"max-image-preview:large","max-video-preview":"max-video-preview:-1"},"canonical":"https:\/\/yayacampers.com\/producto\/monte-cristi\/","og_locale":"en_US","og_type":"article","og_title":"Monte Cristi - Yaya Campers | Campervan rental","og_description":"Sum\u00e9rgete en una emocionante ruta de camper y d\u00e9jate llevar por la belleza y los encantos de Montecristi y sus alrededores. En esta traves\u00eda, tendr\u00e1s la oportunidad de explorar, descubrir y maravillarte con todo lo que esta regi\u00f3n tiene para ofrecer. Desde acampar en la pintoresca Playita hasta deleitarte con la deliciosa comida en Cocomar en Monte Cristi y Arena Blanca Plaza, cada momento ser\u00e1 un viaje hacia la magia y el ensue\u00f1o. Prep\u00e1rate para sumergirte en la historia y la cultura al visitar el Parque del Reloj, recorrer el encantador Malec\u00f3n de Montecristi, adentrarte en el Sendero de Las Cruces y perderse en la asombrosa Playa El Morro. Adem\u00e1s, podr\u00e1s disfrutar de actividades extra que te llevar\u00e1n a lugares sorprendentes como la Isla Cabra, el Cayo Siete Hermanos y la Plataforma Ecotur\u00edstica. \u00a1Emb\u00e1rcate en esta experiencia \u00fanica y descubre la magia de Montecristi y su entorno en esta inolvidable ruta de camper!","og_url":"https:\/\/yayacampers.com\/producto\/monte-cristi\/","og_site_name":"Yaya Campers | Campervan rental","article_modified_time":"2024-06-18T20:18:35+00:00","og_image":[{"width":1920,"height":2560,"url":"http:\/\/yayacampers.com\/wp-content\/uploads\/2024\/06\/Ruta-montecristi.jpg","type":"image\/jpeg"}],"twitter_card":"summary_large_image","twitter_misc":{"Est. reading time":"1 minute"},"schema":{"@context":"https:\/\/schema.org","@graph":[{"@type":"WebPage","@id":"https:\/\/yayacampers.com\/producto\/monte-cristi\/","url":"https:\/\/yayacampers.com\/producto\/monte-cristi\/","name":"Monte Cristi - Yaya Campers | Campervan rental","isPartOf":{"@id":"https:\/\/yayacampers.com\/#website"},"primaryImageOfPage":{"@id":"https:\/\/yayacampers.com\/producto\/monte-cristi\/#primaryimage"},"image":{"@id":"https:\/\/yayacampers.com\/producto\/monte-cristi\/#primaryimage"},"thumbnailUrl":"https:\/\/yayacampers.com\/wp-content\/uploads\/2024\/06\/Ruta-montecristi.jpg","datePublished":"2024-06-12T22:51:24+00:00","dateModified":"2024-06-18T20:18:35+00:00","breadcrumb":{"@id":"https:\/\/yayacampers.com\/producto\/monte-cristi\/#breadcrumb"},"inLanguage":"en-US","potentialAction":[{"@type":"ReadAction","target":["https:\/\/yayacampers.com\/producto\/monte-cristi\/"]}]},{"@type":"ImageObject","inLanguage":"en-US","@id":"https:\/\/yayacampers.com\/producto\/monte-cristi\/#primaryimage","url":"https:\/\/yayacampers.com\/wp-content\/uploads\/2024\/06\/Ruta-montecristi.jpg","contentUrl":"https:\/\/yayacampers.com\/wp-content\/uploads\/2024\/06\/Ruta-montecristi.jpg","width":1920,"height":2560},{"@type":"BreadcrumbList","@id":"https:\/\/yayacampers.com\/producto\/monte-cristi\/#breadcrumb","itemListElement":[{"@type":"ListItem","position":1,"name":"Portada","item":"https:\/\/yayacampers.com\/en\/"},{"@type":"ListItem","position":2,"name":"Monte Cristi"}]},{"@type":"WebSite","@id":"https:\/\/yayacampers.com\/#website","url":"https:\/\/yayacampers.com\/","name":"Yaya Campers | Camper Rental in RD","description":"Explore the Dominican Republic at your own rhythm","publisher":{"@id":"https:\/\/yayacampers.com\/#organization"},"alternateName":"Yaya Campers | Alquiler de Campers en RD","potentialAction":[{"@type":"SearchAction","target":{"@type":"EntryPoint","urlTemplate":"https:\/\/yayacampers.com\/?s={search_term_string}"},"query-input":{"@type":"PropertyValueSpecification","valueRequired":true,"valueName":"search_term_string"}}],"inLanguage":"en-US"},{"@type":"Organization","@id":"https:\/\/yayacampers.com\/#organization","name":"Yaya Campers | Campervan rental","alternateName":"Yaya Campers | Alquiler de Campers en RD","url":"https:\/\/yayacampers.com\/","logo":{"@type":"ImageObject","inLanguage":"en-US","@id":"https:\/\/yayacampers.com\/#\/schema\/logo\/image\/","url":"http:\/\/yayacampers.com\/wp-content\/uploads\/2024\/06\/cropped-cropped-Favicon.png","contentUrl":"http:\/\/yayacampers.com\/wp-content\/uploads\/2024\/06\/cropped-cropped-Favicon.png","width":512,"height":512,"caption":"Yaya Campers | Campervan rental"},"image":{"@id":"https:\/\/yayacampers.com\/#\/schema\/logo\/image\/"}}]}},"_links":{"self":[{"href":"https:\/\/yayacampers.com\/en\/wp-json\/wp\/v2\/product\/4779","targetHints":{"allow":["GET"]}}],"collection":[{"href":"https:\/\/yayacampers.com\/en\/wp-json\/wp\/v2\/product"}],"about":[{"href":"https:\/\/yayacampers.com\/en\/wp-json\/wp\/v2\/types\/product"}],"replies":[{"embeddable":true,"href":"https:\/\/yayacampers.com\/en\/wp-json\/wp\/v2\/comments?post=4779"}],"wp:featuredmedia":[{"embeddable":true,"href":"https:\/\/yayacampers.com\/en\/wp-json\/wp\/v2\/media\/4530"}],"wp:attachment":[{"href":"https:\/\/yayacampers.com\/en\/wp-json\/wp\/v2\/media?parent=4779"}],"wp:term":[{"taxonomy":"product_brand","embeddable":true,"href":"https:\/\/yayacampers.com\/en\/wp-json\/wp\/v2\/product_brand?post=4779"},{"taxonomy":"product_cat","embeddable":true,"href":"https:\/\/yayacampers.com\/en\/wp-json\/wp\/v2\/product_cat?post=4779"},{"taxonomy":"product_tag","embeddable":true,"href":"https:\/\/yayacampers.com\/en\/wp-json\/wp\/v2\/product_tag?post=4779"}],"curies":[{"name":"wp","href":"https:\/\/api.w.org\/{rel}","templated":true}]}}