{"id":4781,"date":"2024-06-12T22:51:24","date_gmt":"2024-06-12T22:51:24","guid":{"rendered":"https:\/\/yayacampers.com\/?post_type=product&#038;p=4781"},"modified":"2024-06-18T20:24:30","modified_gmt":"2024-06-18T20:24:30","slug":"pedernales","status":"publish","type":"product","link":"https:\/\/yayacampers.com\/en\/producto\/pedernales\/","title":{"rendered":"Pedernales"},"content":{"rendered":"<p>Embark on an exciting journey through stunning landscapes of dry grass and arid climate as you discover the most popular resorts in the South. While this may be our longest route, we assure you that every moment will be worth it. As we skirt the border with Haiti, we will come across Pedernales, home to one of the most famous beaches in all of the Dominican Republic: the magnificent Bah\u00eda de las \u00c1guilas!<\/p>\n<p>During our stay in Cabo Rojo, we will enjoy a unique camping experience along its coasts. From there, a short boat ride of less than 20 minutes will take us to the warm and crystal-clear waters of Bah\u00eda de las \u00c1guilas. You will be amazed by the fine white sand of the beach as you immerse yourself in an entirely pristine and remote environment. The absence of pollution and the tranquility that permeates this paradise make it an even more special destination.<\/p>\n<p>Get ready to enjoy the incomparable natural beauty of Bah\u00eda de las \u00c1guilas, where you can relax on its deserted beaches, explore its crystal-clear waters, and marvel at the serenity of the surroundings. This journey will allow you to delve into the purity and magic of the Dominican nature.<\/p>\n","protected":false},"excerpt":{"rendered":"<p>Ad\u00e9ntrate en una emocionante traves\u00eda a trav\u00e9s de paisajes impresionantes de grama seca y clima \u00e1rido, donde descubrir\u00e1s los balnearios m\u00e1s populares del Sur. Aunque sea nuestra ruta m\u00e1s larga, te aseguramos que cada momento valdr\u00e1 la pena. A medida que rodeamos la frontera con Hait\u00ed, nos encontraremos con Pedernales, hogar de una de las playas m\u00e1s famosas de toda Rep\u00fablica Dominicana: \u00a1la magn\u00edfica Bah\u00eda de las \u00c1guilas! Durante nuestra estad\u00eda en Cabo Rojo, disfrutaremos de una experiencia \u00fanica al acampar junto a sus costas. Desde all\u00ed, un corto viaje en bote de menos de 20 minutos nos llevar\u00e1 a las c\u00e1lidas y cristalinas aguas de Bah\u00eda de las \u00c1guilas. Quedar\u00e1s maravillado por la fina y blanca arena de la playa, mientras te sumerges en un entorno completamente virgen y alejado de la civilizaci\u00f3n. La ausencia de contaminaci\u00f3n y la tranquilidad que se respira en este para\u00edso lo convierten en un destino a\u00fan m\u00e1s especial. Prep\u00e1rate para disfrutar de la belleza natural incomparable de Bah\u00eda de las \u00c1guilas, donde podr\u00e1s relajarte en sus playas desiertas, explorar sus aguas cristalinas y maravillarte con la serenidad del entorno. Esta traves\u00eda te permitir\u00e1 adentrarte en la pureza y la magia de la naturaleza dominicana.<\/p>\n","protected":false},"featured_media":4516,"comment_status":"open","ping_status":"closed","template":"","meta":[],"product_brand":[],"product_cat":[34],"product_tag":[],"class_list":{"0":"post-4781","1":"product","2":"type-product","3":"status-publish","4":"has-post-thumbnail","6":"product_cat-route","8":"first","9":"instock","10":"sold-individually","11":"shipping-taxable","12":"purchasable","13":"product-type-accommodation-booking"},"acf":[],"yoast_head":"<!-- This site is optimized with the Yoast SEO plugin v26.6 - https:\/\/yoast.com\/wordpress\/plugins\/seo\/ -->\n<title>Pedernales - Yaya Campers | Campervan rental<\/title>\n<meta name=\"robots\" content=\"index, follow, max-snippet:-1, max-image-preview:large, max-video-preview:-1\" \/>\n<link rel=\"canonical\" href=\"https:\/\/yayacampers.com\/producto\/pedernales\/\" \/>\n<meta property=\"og:locale\" content=\"en_US\" \/>\n<meta property=\"og:type\" content=\"article\" \/>\n<meta property=\"og:title\" content=\"Pedernales - Yaya Campers | Campervan rental\" \/>\n<meta property=\"og:description\" content=\"Ad\u00e9ntrate en una emocionante traves\u00eda a trav\u00e9s de paisajes impresionantes de grama seca y clima \u00e1rido, donde descubrir\u00e1s los balnearios m\u00e1s populares del Sur. Aunque sea nuestra ruta m\u00e1s larga, te aseguramos que cada momento valdr\u00e1 la pena. A medida que rodeamos la frontera con Hait\u00ed, nos encontraremos con Pedernales, hogar de una de las playas m\u00e1s famosas de toda Rep\u00fablica Dominicana: \u00a1la magn\u00edfica Bah\u00eda de las \u00c1guilas! Durante nuestra estad\u00eda en Cabo Rojo, disfrutaremos de una experiencia \u00fanica al acampar junto a sus costas. Desde all\u00ed, un corto viaje en bote de menos de 20 minutos nos llevar\u00e1 a las c\u00e1lidas y cristalinas aguas de Bah\u00eda de las \u00c1guilas. Quedar\u00e1s maravillado por la fina y blanca arena de la playa, mientras te sumerges en un entorno completamente virgen y alejado de la civilizaci\u00f3n. La ausencia de contaminaci\u00f3n y la tranquilidad que se respira en este para\u00edso lo convierten en un destino a\u00fan m\u00e1s especial. Prep\u00e1rate para disfrutar de la belleza natural incomparable de Bah\u00eda de las \u00c1guilas, donde podr\u00e1s relajarte en sus playas desiertas, explorar sus aguas cristalinas y maravillarte con la serenidad del entorno. Esta traves\u00eda te permitir\u00e1 adentrarte en la pureza y la magia de la naturaleza dominicana.\" \/>\n<meta property=\"og:url\" content=\"https:\/\/yayacampers.com\/producto\/pedernales\/\" \/>\n<meta property=\"og:site_name\" content=\"Yaya Campers | Campervan rental\" \/>\n<meta property=\"article:modified_time\" content=\"2024-06-18T20:24:30+00:00\" \/>\n<meta property=\"og:image\" content=\"http:\/\/yayacampers.com\/wp-content\/uploads\/2024\/06\/IMG_4733-scaled-1.jpg\" \/>\n\t<meta property=\"og:image:width\" content=\"1920\" \/>\n\t<meta property=\"og:image:height\" content=\"2560\" \/>\n\t<meta property=\"og:image:type\" content=\"image\/jpeg\" \/>\n<meta name=\"twitter:card\" content=\"summary_large_image\" \/>\n<meta name=\"twitter:label1\" content=\"Est. reading time\" \/>\n\t<meta name=\"twitter:data1\" content=\"2 minutes\" \/>\n<script type=\"application\/ld+json\" class=\"yoast-schema-graph\">{\"@context\":\"https:\/\/schema.org\",\"@graph\":[{\"@type\":\"WebPage\",\"@id\":\"https:\/\/yayacampers.com\/producto\/pedernales\/\",\"url\":\"https:\/\/yayacampers.com\/producto\/pedernales\/\",\"name\":\"Pedernales - Yaya Campers | Campervan rental\",\"isPartOf\":{\"@id\":\"https:\/\/yayacampers.com\/#website\"},\"primaryImageOfPage\":{\"@id\":\"https:\/\/yayacampers.com\/producto\/pedernales\/#primaryimage\"},\"image\":{\"@id\":\"https:\/\/yayacampers.com\/producto\/pedernales\/#primaryimage\"},\"thumbnailUrl\":\"https:\/\/yayacampers.com\/wp-content\/uploads\/2024\/06\/IMG_4733-scaled-1.jpg\",\"datePublished\":\"2024-06-12T22:51:24+00:00\",\"dateModified\":\"2024-06-18T20:24:30+00:00\",\"breadcrumb\":{\"@id\":\"https:\/\/yayacampers.com\/producto\/pedernales\/#breadcrumb\"},\"inLanguage\":\"en-US\",\"potentialAction\":[{\"@type\":\"ReadAction\",\"target\":[\"https:\/\/yayacampers.com\/producto\/pedernales\/\"]}]},{\"@type\":\"ImageObject\",\"inLanguage\":\"en-US\",\"@id\":\"https:\/\/yayacampers.com\/producto\/pedernales\/#primaryimage\",\"url\":\"https:\/\/yayacampers.com\/wp-content\/uploads\/2024\/06\/IMG_4733-scaled-1.jpg\",\"contentUrl\":\"https:\/\/yayacampers.com\/wp-content\/uploads\/2024\/06\/IMG_4733-scaled-1.jpg\",\"width\":1920,\"height\":2560},{\"@type\":\"BreadcrumbList\",\"@id\":\"https:\/\/yayacampers.com\/producto\/pedernales\/#breadcrumb\",\"itemListElement\":[{\"@type\":\"ListItem\",\"position\":1,\"name\":\"Portada\",\"item\":\"https:\/\/yayacampers.com\/en\/\"},{\"@type\":\"ListItem\",\"position\":2,\"name\":\"Pedernales\"}]},{\"@type\":\"WebSite\",\"@id\":\"https:\/\/yayacampers.com\/#website\",\"url\":\"https:\/\/yayacampers.com\/\",\"name\":\"Yaya Campers | Camper Rental in RD\",\"description\":\"Explore the Dominican Republic at your own rhythm\",\"publisher\":{\"@id\":\"https:\/\/yayacampers.com\/#organization\"},\"alternateName\":\"Yaya Campers | Alquiler de Campers en RD\",\"potentialAction\":[{\"@type\":\"SearchAction\",\"target\":{\"@type\":\"EntryPoint\",\"urlTemplate\":\"https:\/\/yayacampers.com\/?s={search_term_string}\"},\"query-input\":{\"@type\":\"PropertyValueSpecification\",\"valueRequired\":true,\"valueName\":\"search_term_string\"}}],\"inLanguage\":\"en-US\"},{\"@type\":\"Organization\",\"@id\":\"https:\/\/yayacampers.com\/#organization\",\"name\":\"Yaya Campers | Campervan rental\",\"alternateName\":\"Yaya Campers | Alquiler de Campers en RD\",\"url\":\"https:\/\/yayacampers.com\/\",\"logo\":{\"@type\":\"ImageObject\",\"inLanguage\":\"en-US\",\"@id\":\"https:\/\/yayacampers.com\/#\/schema\/logo\/image\/\",\"url\":\"http:\/\/yayacampers.com\/wp-content\/uploads\/2024\/06\/cropped-cropped-Favicon.png\",\"contentUrl\":\"http:\/\/yayacampers.com\/wp-content\/uploads\/2024\/06\/cropped-cropped-Favicon.png\",\"width\":512,\"height\":512,\"caption\":\"Yaya Campers | Campervan rental\"},\"image\":{\"@id\":\"https:\/\/yayacampers.com\/#\/schema\/logo\/image\/\"}}]}<\/script>\n<!-- \/ Yoast SEO plugin. -->","yoast_head_json":{"title":"Pedernales - Yaya Campers | Campervan rental","robots":{"index":"index","follow":"follow","max-snippet":"max-snippet:-1","max-image-preview":"max-image-preview:large","max-video-preview":"max-video-preview:-1"},"canonical":"https:\/\/yayacampers.com\/producto\/pedernales\/","og_locale":"en_US","og_type":"article","og_title":"Pedernales - Yaya Campers | Campervan rental","og_description":"Ad\u00e9ntrate en una emocionante traves\u00eda a trav\u00e9s de paisajes impresionantes de grama seca y clima \u00e1rido, donde descubrir\u00e1s los balnearios m\u00e1s populares del Sur. Aunque sea nuestra ruta m\u00e1s larga, te aseguramos que cada momento valdr\u00e1 la pena. A medida que rodeamos la frontera con Hait\u00ed, nos encontraremos con Pedernales, hogar de una de las playas m\u00e1s famosas de toda Rep\u00fablica Dominicana: \u00a1la magn\u00edfica Bah\u00eda de las \u00c1guilas! Durante nuestra estad\u00eda en Cabo Rojo, disfrutaremos de una experiencia \u00fanica al acampar junto a sus costas. Desde all\u00ed, un corto viaje en bote de menos de 20 minutos nos llevar\u00e1 a las c\u00e1lidas y cristalinas aguas de Bah\u00eda de las \u00c1guilas. Quedar\u00e1s maravillado por la fina y blanca arena de la playa, mientras te sumerges en un entorno completamente virgen y alejado de la civilizaci\u00f3n. La ausencia de contaminaci\u00f3n y la tranquilidad que se respira en este para\u00edso lo convierten en un destino a\u00fan m\u00e1s especial. Prep\u00e1rate para disfrutar de la belleza natural incomparable de Bah\u00eda de las \u00c1guilas, donde podr\u00e1s relajarte en sus playas desiertas, explorar sus aguas cristalinas y maravillarte con la serenidad del entorno. Esta traves\u00eda te permitir\u00e1 adentrarte en la pureza y la magia de la naturaleza dominicana.","og_url":"https:\/\/yayacampers.com\/producto\/pedernales\/","og_site_name":"Yaya Campers | Campervan rental","article_modified_time":"2024-06-18T20:24:30+00:00","og_image":[{"width":1920,"height":2560,"url":"http:\/\/yayacampers.com\/wp-content\/uploads\/2024\/06\/IMG_4733-scaled-1.jpg","type":"image\/jpeg"}],"twitter_card":"summary_large_image","twitter_misc":{"Est. reading time":"2 minutes"},"schema":{"@context":"https:\/\/schema.org","@graph":[{"@type":"WebPage","@id":"https:\/\/yayacampers.com\/producto\/pedernales\/","url":"https:\/\/yayacampers.com\/producto\/pedernales\/","name":"Pedernales - Yaya Campers | Campervan rental","isPartOf":{"@id":"https:\/\/yayacampers.com\/#website"},"primaryImageOfPage":{"@id":"https:\/\/yayacampers.com\/producto\/pedernales\/#primaryimage"},"image":{"@id":"https:\/\/yayacampers.com\/producto\/pedernales\/#primaryimage"},"thumbnailUrl":"https:\/\/yayacampers.com\/wp-content\/uploads\/2024\/06\/IMG_4733-scaled-1.jpg","datePublished":"2024-06-12T22:51:24+00:00","dateModified":"2024-06-18T20:24:30+00:00","breadcrumb":{"@id":"https:\/\/yayacampers.com\/producto\/pedernales\/#breadcrumb"},"inLanguage":"en-US","potentialAction":[{"@type":"ReadAction","target":["https:\/\/yayacampers.com\/producto\/pedernales\/"]}]},{"@type":"ImageObject","inLanguage":"en-US","@id":"https:\/\/yayacampers.com\/producto\/pedernales\/#primaryimage","url":"https:\/\/yayacampers.com\/wp-content\/uploads\/2024\/06\/IMG_4733-scaled-1.jpg","contentUrl":"https:\/\/yayacampers.com\/wp-content\/uploads\/2024\/06\/IMG_4733-scaled-1.jpg","width":1920,"height":2560},{"@type":"BreadcrumbList","@id":"https:\/\/yayacampers.com\/producto\/pedernales\/#breadcrumb","itemListElement":[{"@type":"ListItem","position":1,"name":"Portada","item":"https:\/\/yayacampers.com\/en\/"},{"@type":"ListItem","position":2,"name":"Pedernales"}]},{"@type":"WebSite","@id":"https:\/\/yayacampers.com\/#website","url":"https:\/\/yayacampers.com\/","name":"Yaya Campers | Camper Rental in RD","description":"Explore the Dominican Republic at your own rhythm","publisher":{"@id":"https:\/\/yayacampers.com\/#organization"},"alternateName":"Yaya Campers | Alquiler de Campers en RD","potentialAction":[{"@type":"SearchAction","target":{"@type":"EntryPoint","urlTemplate":"https:\/\/yayacampers.com\/?s={search_term_string}"},"query-input":{"@type":"PropertyValueSpecification","valueRequired":true,"valueName":"search_term_string"}}],"inLanguage":"en-US"},{"@type":"Organization","@id":"https:\/\/yayacampers.com\/#organization","name":"Yaya Campers | Campervan rental","alternateName":"Yaya Campers | Alquiler de Campers en RD","url":"https:\/\/yayacampers.com\/","logo":{"@type":"ImageObject","inLanguage":"en-US","@id":"https:\/\/yayacampers.com\/#\/schema\/logo\/image\/","url":"http:\/\/yayacampers.com\/wp-content\/uploads\/2024\/06\/cropped-cropped-Favicon.png","contentUrl":"http:\/\/yayacampers.com\/wp-content\/uploads\/2024\/06\/cropped-cropped-Favicon.png","width":512,"height":512,"caption":"Yaya Campers | Campervan rental"},"image":{"@id":"https:\/\/yayacampers.com\/#\/schema\/logo\/image\/"}}]}},"_links":{"self":[{"href":"https:\/\/yayacampers.com\/en\/wp-json\/wp\/v2\/product\/4781","targetHints":{"allow":["GET"]}}],"collection":[{"href":"https:\/\/yayacampers.com\/en\/wp-json\/wp\/v2\/product"}],"about":[{"href":"https:\/\/yayacampers.com\/en\/wp-json\/wp\/v2\/types\/product"}],"replies":[{"embeddable":true,"href":"https:\/\/yayacampers.com\/en\/wp-json\/wp\/v2\/comments?post=4781"}],"wp:featuredmedia":[{"embeddable":true,"href":"https:\/\/yayacampers.com\/en\/wp-json\/wp\/v2\/media\/4516"}],"wp:attachment":[{"href":"https:\/\/yayacampers.com\/en\/wp-json\/wp\/v2\/media?parent=4781"}],"wp:term":[{"taxonomy":"product_brand","embeddable":true,"href":"https:\/\/yayacampers.com\/en\/wp-json\/wp\/v2\/product_brand?post=4781"},{"taxonomy":"product_cat","embeddable":true,"href":"https:\/\/yayacampers.com\/en\/wp-json\/wp\/v2\/product_cat?post=4781"},{"taxonomy":"product_tag","embeddable":true,"href":"https:\/\/yayacampers.com\/en\/wp-json\/wp\/v2\/product_tag?post=4781"}],"curies":[{"name":"wp","href":"https:\/\/api.w.org\/{rel}","templated":true}]}}